{"id":27,"date":"2020-01-05T14:15:09","date_gmt":"2020-01-05T13:15:09","guid":{"rendered":"http:\/\/ovh.sylvainrecule.fr\/?page_id=27"},"modified":"2023-04-26T18:51:10","modified_gmt":"2023-04-26T16:51:10","slug":"accueil","status":"publish","type":"page","link":"https:\/\/www.bdecesilarochelle.fr\/","title":{"rendered":"Accueil"},"content":{"rendered":"\n<p>Pr\u00e9sentation du BDE CESI &#8211; 2023 2024<\/p>\n\n\n\n<figure class=\"wp-block-embed is-type-video is-provider-youtube wp-block-embed-youtube wp-embed-aspect-16-9 wp-has-aspect-ratio\"><div class=\"wp-block-embed__wrapper\">\n<iframe loading=\"lazy\" title=\"BDE CESI - LA ROCHELLE - 2023 2024\" width=\"640\" height=\"360\" src=\"https:\/\/www.youtube.com\/embed\/Bn3LjKw_rgg?feature=oembed\" frameborder=\"0\" allow=\"accelerometer; autoplay; clipboard-write; encrypted-media; gyroscope; picture-in-picture; web-share\" referrerpolicy=\"strict-origin-when-cross-origin\" allowfullscreen><\/iframe>\n<\/div><\/figure>\n\n\n\n<p><br><br><\/p>\n\n\n\n<p>Plaquette BDE CESI LA ROCHELLE 2022<\/p>\n\n\n\n<a href=\"https:\/\/www.bdecesilarochelle.fr\/wp-content\/uploads\/2023\/01\/plaquette-alpha-a-publier-1.pdf\" class=\"wp-block-file__button wp-element-button\" download aria-describedby=\"wp-block-file--media-511e858a-954f-4001-bf23-32a3650ac4d8\">T\u00e9l\u00e9charger<\/a><\/div>\n\n\n\n<p><\/p>\n\n\n\n<p class=\"has-text-align-center\"> Le BDE de Cesi La Rochelle&nbsp;est une association \u00e0 but non lucratif qui a pour objectif de promouvoir la vie \u00e9tudiante \u00e0 La Rochelle et au sein de son campus. <\/p>\n\n\n\n<p><\/p>\n\n\n\n<p class=\"has-text-align-center\"><span style=\"text-decoration: underline;\"><strong>Suivez notre actualit\u00e9 sur notre compte Instagram!<\/strong><\/span><\/p>\n\n\n\n<div class=\"wp-block-jetpack-instagram-gallery\"><a href=\"https:\/\/www.instagram.com\/bde_cesi_larochelle\/\" rel=\"noopener noreferrer\" target=\"_blank\">https:\/\/www.instagram.com\/bde_cesi_larochelle\/<\/a><\/div>\n","protected":false},"excerpt":{"rendered":"<p>Pr\u00e9sentation du BDE CESI &#8211; 2023 2024 Plaquette BDE CESI LA ROCHELLE 2022 T\u00e9l\u00e9charger Le BDE de Cesi La Rochelle&nbsp;est une association \u00e0 but non lucratif qui a pour objectif de promouvoir la vie \u00e9tudiante \u00e0 La Rochelle et au sein de son campus. Suivez notre actualit\u00e9 sur notre compte Instagram!<\/p>\n","protected":false},"author":1,"featured_media":0,"parent":0,"menu_order":0,"comment_status":"closed","ping_status":"closed","template":"","meta":{"footnotes":""},"class_list":["post-27","page","type-page","status-publish","hentry"],"_links":{"self":[{"href":"https:\/\/www.bdecesilarochelle.fr\/index.php\/wp-json\/wp\/v2\/pages\/27","targetHints":{"allow":["GET"]}}],"collection":[{"href":"https:\/\/www.bdecesilarochelle.fr\/index.php\/wp-json\/wp\/v2\/pages"}],"about":[{"href":"https:\/\/www.bdecesilarochelle.fr\/index.php\/wp-json\/wp\/v2\/types\/page"}],"author":[{"embeddable":true,"href":"https:\/\/www.bdecesilarochelle.fr\/index.php\/wp-json\/wp\/v2\/users\/1"}],"replies":[{"embeddable":true,"href":"https:\/\/www.bdecesilarochelle.fr\/index.php\/wp-json\/wp\/v2\/comments?post=27"}],"version-history":[{"count":16,"href":"https:\/\/www.bdecesilarochelle.fr\/index.php\/wp-json\/wp\/v2\/pages\/27\/revisions"}],"predecessor-version":[{"id":20803,"href":"https:\/\/www.bdecesilarochelle.fr\/index.php\/wp-json\/wp\/v2\/pages\/27\/revisions\/20803"}],"wp:attachment":[{"href":"https:\/\/www.bdecesilarochelle.fr\/index.php\/wp-json\/wp\/v2\/media?parent=27"}],"curies":[{"name":"wp","href":"https:\/\/api.w.org\/{rel}","templated":true}]}}